{"id":22000,"date":"2025-05-16T15:40:26","date_gmt":"2025-05-16T19:40:26","guid":{"rendered":"https:\/\/smardt.com\/kommerzieller-datenschutz-erklarung-zum-schutz-der-privatsphare\/"},"modified":"2025-05-16T15:40:27","modified_gmt":"2025-05-16T19:40:27","slug":"kommerzieller-datenschutz-erklarung-zum-schutz-der-privatsphare","status":"publish","type":"page","link":"https:\/\/smardt.com\/de\/kommerzieller-datenschutz-erklarung-zum-schutz-der-privatsphare\/","title":{"rendered":"Kommerzieller Datenschutz &amp; Erkl\u00e4rung zum Schutz der Privatsph\u00e4re"},"content":{"rendered":"\t\t<div data-elementor-type=\"wp-post\" data-elementor-id=\"22000\" class=\"elementor elementor-22000 elementor-641\" data-elementor-post-type=\"page\">\n\t\t\t\t\t\t<section data-dce-background-image-url=\"https:\/\/smardt.com\/wp-content\/uploads\/2019\/10\/Smardt-data-centers.jpg\" class=\"elementor-section elementor-top-section elementor-element elementor-element-d44613c elementor-section-height-min-height elementor-section-stretched animated-fast elementor-section-boxed elementor-section-height-default elementor-section-items-middle elementor-invisible\" data-id=\"d44613c\" data-element_type=\"section\" data-e-type=\"section\" data-settings=\"{&quot;jet_parallax_layout_list&quot;:[{&quot;jet_parallax_layout_image&quot;:{&quot;url&quot;:&quot;&quot;,&quot;id&quot;:&quot;&quot;,&quot;size&quot;:&quot;&quot;},&quot;_id&quot;:&quot;43d85a4&quot;,&quot;jet_parallax_layout_image_tablet&quot;:{&quot;url&quot;:&quot;&quot;,&quot;id&quot;:&quot;&quot;,&quot;size&quot;:&quot;&quot;},&quot;jet_parallax_layout_image_mobile&quot;:{&quot;url&quot;:&quot;&quot;,&quot;id&quot;:&quot;&quot;,&quot;size&quot;:&quot;&quot;},&quot;jet_parallax_layout_speed&quot;:{&quot;unit&quot;:&quot;%&quot;,&quot;size&quot;:50,&quot;sizes&quot;:[]},&quot;jet_parallax_layout_type&quot;:&quot;scroll&quot;,&quot;jet_parallax_layout_direction&quot;:&quot;1&quot;,&quot;jet_parallax_layout_fx_direction&quot;:null,&quot;jet_parallax_layout_z_index&quot;:&quot;&quot;,&quot;jet_parallax_layout_bg_x&quot;:50,&quot;jet_parallax_layout_bg_x_tablet&quot;:&quot;&quot;,&quot;jet_parallax_layout_bg_x_mobile&quot;:&quot;&quot;,&quot;jet_parallax_layout_bg_y&quot;:50,&quot;jet_parallax_layout_bg_y_tablet&quot;:&quot;&quot;,&quot;jet_parallax_layout_bg_y_mobile&quot;:&quot;&quot;,&quot;jet_parallax_layout_bg_size&quot;:&quot;auto&quot;,&quot;jet_parallax_layout_bg_size_tablet&quot;:&quot;&quot;,&quot;jet_parallax_layout_bg_size_mobile&quot;:&quot;&quot;,&quot;jet_parallax_layout_animation_prop&quot;:&quot;transform&quot;,&quot;jet_parallax_layout_on&quot;:[&quot;desktop&quot;,&quot;tablet&quot;]}],&quot;background_background&quot;:&quot;classic&quot;,&quot;stretch_section&quot;:&quot;section-stretched&quot;,&quot;animation&quot;:&quot;fadeIn&quot;,&quot;animation_delay&quot;:100}\">\n\t\t\t\t\t\t\t<div class=\"elementor-background-overlay\"><\/div>\n\t\t\t\t\t\t\t<div class=\"elementor-container elementor-column-gap-default\">\n\t\t\t\t\t<div class=\"elementor-column elementor-col-50 elementor-top-column elementor-element elementor-element-4edb038\" data-id=\"4edb038\" data-element_type=\"column\" data-e-type=\"column\">\n\t\t\t<div class=\"elementor-widget-wrap elementor-element-populated\">\n\t\t\t\t\t\t<div data-dce-title-color=\"#FFFFFF\" class=\"elementor-element elementor-element-8655a43 elementor-widget elementor-widget-heading\" data-id=\"8655a43\" data-element_type=\"widget\" data-e-type=\"widget\" data-widget_type=\"heading.default\">\n\t\t\t\t<div class=\"elementor-widget-container\">\n\t\t\t\t\t<h1 class=\"elementor-heading-title elementor-size-default\">Kommerzieller Datenschutz &amp; Erkl\u00e4rung zum Schutz der Privatsph\u00e4re<\/h1>\t\t\t\t<\/div>\n\t\t\t\t<\/div>\n\t\t\t\t<div class=\"elementor-element elementor-element-69412b8 elementor-widget elementor-widget-spacer\" data-id=\"69412b8\" data-element_type=\"widget\" data-e-type=\"widget\" data-widget_type=\"spacer.default\">\n\t\t\t\t<div class=\"elementor-widget-container\">\n\t\t\t\t\t\t\t<div class=\"elementor-spacer\">\n\t\t\t<div class=\"elementor-spacer-inner\"><\/div>\n\t\t<\/div>\n\t\t\t\t\t\t<\/div>\n\t\t\t\t<\/div>\n\t\t\t\t\t<\/div>\n\t\t<\/div>\n\t\t\t\t<div class=\"elementor-column elementor-col-50 elementor-top-column elementor-element elementor-element-85aa198\" data-id=\"85aa198\" data-element_type=\"column\" data-e-type=\"column\">\n\t\t\t<div class=\"elementor-widget-wrap\">\n\t\t\t\t\t\t\t<\/div>\n\t\t<\/div>\n\t\t\t\t\t<\/div>\n\t\t<\/section>\n\t\t<div class=\"elementor-element elementor-element-d66eb7a e-flex e-con-boxed e-con e-parent\" data-id=\"d66eb7a\" data-element_type=\"container\" data-e-type=\"container\" data-settings=\"{&quot;jet_parallax_layout_list&quot;:[]}\">\n\t\t\t\t\t<div class=\"e-con-inner\">\n\t\t\t\t<div class=\"elementor-element elementor-element-6ab8a6e elementor-widget__width-initial elementor-widget elementor-widget-text-editor\" data-id=\"6ab8a6e\" data-element_type=\"widget\" data-e-type=\"widget\" data-widget_type=\"text-editor.default\">\n\t\t\t\t<div class=\"elementor-widget-container\">\n\t\t\t\t\t\t\t\t\t<p>Um die kommerziellen Datenschutzbestimmungen einzusehen, laden Sie bitte das untenstehende PDF herunter.<\/p>\t\t\t\t\t\t\t\t<\/div>\n\t\t\t\t<\/div>\n\t\t\t\t<div class=\"elementor-element elementor-element-06073f5 elementor-align-center elementor-widget elementor-widget-button\" data-id=\"06073f5\" data-element_type=\"widget\" data-e-type=\"widget\" data-widget_type=\"button.default\">\n\t\t\t\t<div class=\"elementor-widget-container\">\n\t\t\t\t\t\t\t\t\t<div class=\"elementor-button-wrapper\">\n\t\t\t\t\t<a class=\"elementor-button elementor-button-link elementor-size-sm\" href=\"https:\/\/smardt.com\/wp-content\/uploads\/2024\/08\/Smardt-Commercial-Data-Protection-Privacy-Statement-052024.pdf\">\n\t\t\t\t\t\t<span class=\"elementor-button-content-wrapper\">\n\t\t\t\t\t\t<span class=\"elementor-button-icon\">\n\t\t\t\t<i aria-hidden=\"true\" class=\"fas fa-file-pdf\"><\/i>\t\t\t<\/span>\n\t\t\t\t\t\t\t\t\t<span class=\"elementor-button-text\">Erkl\u00e4rung ansehen<\/span>\n\t\t\t\t\t<\/span>\n\t\t\t\t\t<\/a>\n\t\t\t\t<\/div>\n\t\t\t\t\t\t\t\t<\/div>\n\t\t\t\t<\/div>\n\t\t\t\t\t<\/div>\n\t\t\t\t<\/div>\n\t\t\t\t<\/div>\n\t\t","protected":false},"excerpt":{"rendered":"<p>Kommerzieller Datenschutz &amp; Erkl\u00e4rung zum Schutz der Privatsph\u00e4re Um die kommerziellen Datenschutzbestimmungen einzusehen, laden Sie bitte das untenstehende PDF herunter. Erkl\u00e4rung ansehen<\/p>\n","protected":false},"author":3,"featured_media":0,"parent":0,"menu_order":0,"comment_status":"closed","ping_status":"closed","template":"","meta":{"_acf_changed":false,"footnotes":""},"class_list":["post-22000","page","type-page","status-publish","hentry"],"acf":[],"yoast_head":"<!-- This site is optimized with the Yoast SEO plugin v27.0 - https:\/\/yoast.com\/product\/yoast-seo-wordpress\/ -->\n<title>Kommerzieller Datenschutz &amp; Erkl\u00e4rung zum Schutz der Privatsph\u00e4re &#8226; Smardt Chiller Group Inc.<\/title>\n<meta name=\"robots\" content=\"index, follow, max-snippet:-1, max-image-preview:large, max-video-preview:-1\" \/>\n<link rel=\"canonical\" href=\"https:\/\/smardt.com\/de\/kommerzieller-datenschutz-erklarung-zum-schutz-der-privatsphare\/\" \/>\n<meta property=\"og:locale\" content=\"de_DE\" \/>\n<meta property=\"og:type\" content=\"article\" \/>\n<meta property=\"og:title\" content=\"Kommerzieller Datenschutz &amp; Erkl\u00e4rung zum Schutz der Privatsph\u00e4re &#8226; Smardt Chiller Group Inc.\" \/>\n<meta property=\"og:description\" content=\"Kommerzieller Datenschutz &amp; Erkl\u00e4rung zum Schutz der Privatsph\u00e4re Um die kommerziellen Datenschutzbestimmungen einzusehen, laden Sie bitte das untenstehende PDF herunter. Erkl\u00e4rung ansehen\" \/>\n<meta property=\"og:url\" content=\"https:\/\/smardt.com\/de\/kommerzieller-datenschutz-erklarung-zum-schutz-der-privatsphare\/\" \/>\n<meta property=\"og:site_name\" content=\"Smardt Chiller Group Inc.\" \/>\n<meta property=\"article:modified_time\" content=\"2025-05-16T19:40:27+00:00\" \/>\n<meta name=\"twitter:card\" content=\"summary_large_image\" \/>\n<script type=\"application\/ld+json\" class=\"yoast-schema-graph\">{\"@context\":\"https:\/\/schema.org\",\"@graph\":[{\"@type\":\"WebPage\",\"@id\":\"https:\/\/smardt.com\/de\/kommerzieller-datenschutz-erklarung-zum-schutz-der-privatsphare\/\",\"url\":\"https:\/\/smardt.com\/de\/kommerzieller-datenschutz-erklarung-zum-schutz-der-privatsphare\/\",\"name\":\"Kommerzieller Datenschutz &amp; Erkl\u00e4rung zum Schutz der Privatsph\u00e4re &#8226; Smardt Chiller Group Inc.\",\"isPartOf\":{\"@id\":\"https:\/\/smardt.com\/de\/#website\"},\"datePublished\":\"2025-05-16T19:40:26+00:00\",\"dateModified\":\"2025-05-16T19:40:27+00:00\",\"breadcrumb\":{\"@id\":\"https:\/\/smardt.com\/de\/kommerzieller-datenschutz-erklarung-zum-schutz-der-privatsphare\/#breadcrumb\"},\"inLanguage\":\"de\",\"potentialAction\":[{\"@type\":\"ReadAction\",\"target\":[\"https:\/\/smardt.com\/de\/kommerzieller-datenschutz-erklarung-zum-schutz-der-privatsphare\/\"]}]},{\"@type\":\"BreadcrumbList\",\"@id\":\"https:\/\/smardt.com\/de\/kommerzieller-datenschutz-erklarung-zum-schutz-der-privatsphare\/#breadcrumb\",\"itemListElement\":[{\"@type\":\"ListItem\",\"position\":1,\"name\":\"Home\",\"item\":\"https:\/\/smardt.com\/de\/\"},{\"@type\":\"ListItem\",\"position\":2,\"name\":\"Kommerzieller Datenschutz &amp; Erkl\u00e4rung zum Schutz der Privatsph\u00e4re\"}]},{\"@type\":\"WebSite\",\"@id\":\"https:\/\/smardt.com\/de\/#website\",\"url\":\"https:\/\/smardt.com\/de\/\",\"name\":\"Smardt Chiller Group Inc.\",\"description\":\"The world leader in oil-free chiller efficiency\",\"potentialAction\":[{\"@type\":\"SearchAction\",\"target\":{\"@type\":\"EntryPoint\",\"urlTemplate\":\"https:\/\/smardt.com\/de\/?s={search_term_string}\"},\"query-input\":{\"@type\":\"PropertyValueSpecification\",\"valueRequired\":true,\"valueName\":\"search_term_string\"}}],\"inLanguage\":\"de\"}]}<\/script>\n<!-- \/ Yoast SEO plugin. -->","yoast_head_json":{"title":"Kommerzieller Datenschutz &amp; Erkl\u00e4rung zum Schutz der Privatsph\u00e4re &#8226; Smardt Chiller Group Inc.","robots":{"index":"index","follow":"follow","max-snippet":"max-snippet:-1","max-image-preview":"max-image-preview:large","max-video-preview":"max-video-preview:-1"},"canonical":"https:\/\/smardt.com\/de\/kommerzieller-datenschutz-erklarung-zum-schutz-der-privatsphare\/","og_locale":"de_DE","og_type":"article","og_title":"Kommerzieller Datenschutz &amp; Erkl\u00e4rung zum Schutz der Privatsph\u00e4re &#8226; Smardt Chiller Group Inc.","og_description":"Kommerzieller Datenschutz &amp; Erkl\u00e4rung zum Schutz der Privatsph\u00e4re Um die kommerziellen Datenschutzbestimmungen einzusehen, laden Sie bitte das untenstehende PDF herunter. Erkl\u00e4rung ansehen","og_url":"https:\/\/smardt.com\/de\/kommerzieller-datenschutz-erklarung-zum-schutz-der-privatsphare\/","og_site_name":"Smardt Chiller Group Inc.","article_modified_time":"2025-05-16T19:40:27+00:00","twitter_card":"summary_large_image","schema":{"@context":"https:\/\/schema.org","@graph":[{"@type":"WebPage","@id":"https:\/\/smardt.com\/de\/kommerzieller-datenschutz-erklarung-zum-schutz-der-privatsphare\/","url":"https:\/\/smardt.com\/de\/kommerzieller-datenschutz-erklarung-zum-schutz-der-privatsphare\/","name":"Kommerzieller Datenschutz &amp; Erkl\u00e4rung zum Schutz der Privatsph\u00e4re &#8226; Smardt Chiller Group Inc.","isPartOf":{"@id":"https:\/\/smardt.com\/de\/#website"},"datePublished":"2025-05-16T19:40:26+00:00","dateModified":"2025-05-16T19:40:27+00:00","breadcrumb":{"@id":"https:\/\/smardt.com\/de\/kommerzieller-datenschutz-erklarung-zum-schutz-der-privatsphare\/#breadcrumb"},"inLanguage":"de","potentialAction":[{"@type":"ReadAction","target":["https:\/\/smardt.com\/de\/kommerzieller-datenschutz-erklarung-zum-schutz-der-privatsphare\/"]}]},{"@type":"BreadcrumbList","@id":"https:\/\/smardt.com\/de\/kommerzieller-datenschutz-erklarung-zum-schutz-der-privatsphare\/#breadcrumb","itemListElement":[{"@type":"ListItem","position":1,"name":"Home","item":"https:\/\/smardt.com\/de\/"},{"@type":"ListItem","position":2,"name":"Kommerzieller Datenschutz &amp; Erkl\u00e4rung zum Schutz der Privatsph\u00e4re"}]},{"@type":"WebSite","@id":"https:\/\/smardt.com\/de\/#website","url":"https:\/\/smardt.com\/de\/","name":"Smardt Chiller Group Inc.","description":"The world leader in oil-free chiller efficiency","potentialAction":[{"@type":"SearchAction","target":{"@type":"EntryPoint","urlTemplate":"https:\/\/smardt.com\/de\/?s={search_term_string}"},"query-input":{"@type":"PropertyValueSpecification","valueRequired":true,"valueName":"search_term_string"}}],"inLanguage":"de"}]}},"_links":{"self":[{"href":"https:\/\/smardt.com\/de\/wp-json\/wp\/v2\/pages\/22000","targetHints":{"allow":["GET"]}}],"collection":[{"href":"https:\/\/smardt.com\/de\/wp-json\/wp\/v2\/pages"}],"about":[{"href":"https:\/\/smardt.com\/de\/wp-json\/wp\/v2\/types\/page"}],"author":[{"embeddable":true,"href":"https:\/\/smardt.com\/de\/wp-json\/wp\/v2\/users\/3"}],"replies":[{"embeddable":true,"href":"https:\/\/smardt.com\/de\/wp-json\/wp\/v2\/comments?post=22000"}],"version-history":[{"count":1,"href":"https:\/\/smardt.com\/de\/wp-json\/wp\/v2\/pages\/22000\/revisions"}],"predecessor-version":[{"id":22002,"href":"https:\/\/smardt.com\/de\/wp-json\/wp\/v2\/pages\/22000\/revisions\/22002"}],"wp:attachment":[{"href":"https:\/\/smardt.com\/de\/wp-json\/wp\/v2\/media?parent=22000"}],"curies":[{"name":"wp","href":"https:\/\/api.w.org\/{rel}","templated":true}]}}